{"id":46,"date":"2024-10-20T15:24:36","date_gmt":"2024-10-20T13:24:36","guid":{"rendered":"http:\/\/rc-offroad-nordheide.de\/?page_id=46"},"modified":"2025-03-30T20:11:49","modified_gmt":"2025-03-30T18:11:49","slug":"xray-xb4-2021","status":"publish","type":"page","link":"https:\/\/rc-offroad-nordheide.de\/index.php\/fahrzeuge\/xray-xb4-2021\/","title":{"rendered":"XRAY XB4 (2021)"},"content":{"rendered":"\n<div class=\"wp-block-group alignwide has-global-padding is-layout-constrained wp-block-group-is-layout-constrained\">\n<figure class=\"wp-block-table\"><table class=\"has-fixed-layout\"><tbody><tr><td>Ma\u00dfstab<\/td><td>1:10<\/td><\/tr><tr><td>Antriebsart<\/td><td>4WD<\/td><\/tr><tr><td>Modelljahr<\/td><td>2021<\/td><\/tr><tr><td>Hersteller-Webseite<\/td><td><a href=\"https:\/\/teamxray.com\/xb4\/2021\/en\/\">https:\/\/teamxray.com\/xb4\/2021\/en\/<\/a><\/td><\/tr><tr><td>Anleitungen\/Teileliste\/Set-Up Sheet<\/td><td><a href=\"https:\/\/teamxray.com\/xb4\/2021\/en\/download\/\">https:\/\/teamxray.com\/xb4\/2021\/en\/download\/<\/a><\/td><\/tr><\/tbody><\/table><\/figure>\n\n\n\n<h5 class=\"wp-block-heading\">Beispiel-Konfiguration (Andreas)<\/h5>\n\n\n\n<figure class=\"wp-block-table\"><table class=\"has-fixed-layout\"><tbody><tr><td>Fernsteuerung &amp; Empf\u00e4nger<\/td><td>Sanwa MT-44 mit RX 482<\/td><\/tr><tr><td>Servo<\/td><td>SAV\u00d6X SB-2263MG<\/td><\/tr><tr><td>Fahrtenregler<\/td><td>Hobbywing Xerun XR10 Pro Elite G2<\/td><\/tr><tr><td>Motor<\/td><td>Hobywing Xerun V10 6.5T Black G3<\/td><\/tr><tr><td>Motorritzel<\/td><td>21er<\/td><\/tr><tr><td>Reifen<\/td><td>Schumacher Mini Pin 2<br>&#8211; Yellow f\u00fcr trocken<br>&#8211; Silver f\u00fcr feucht<\/td><\/tr><tr><td>Akku<\/td><td>Lipo Shorty 2S mit 5mm-Steckern<br>z.B. Intellect 6200 mAh<\/td><\/tr><\/tbody><\/table><\/figure>\n\n\n\n<figure class=\"wp-block-image size-large\"><img loading=\"lazy\" decoding=\"async\" width=\"1024\" height=\"576\" src=\"https:\/\/rc-offroad-nordheide.de\/wp-content\/uploads\/2024\/10\/XB4-2021-Elektronik-1024x576.jpg\" alt=\"\" class=\"wp-image-48\" srcset=\"https:\/\/rc-offroad-nordheide.de\/wp-content\/uploads\/2024\/10\/XB4-2021-Elektronik-1024x576.jpg 1024w, https:\/\/rc-offroad-nordheide.de\/wp-content\/uploads\/2024\/10\/XB4-2021-Elektronik-300x169.jpg 300w, https:\/\/rc-offroad-nordheide.de\/wp-content\/uploads\/2024\/10\/XB4-2021-Elektronik-768x432.jpg 768w, https:\/\/rc-offroad-nordheide.de\/wp-content\/uploads\/2024\/10\/XB4-2021-Elektronik.jpg 1080w\" sizes=\"(max-width: 1024px) 100vw, 1024px\" \/><\/figure>\n\n\n\n<p><strong>Andreas:<\/strong><br>&#8220;Das Modell ist im Grunde genommen noch genauso, wie aus dem Baukasten und ich kann mit den 1:8er Modellen trotzdem mitfahren. Gegen\u00fcber unseren besten 1:8er Fahrern fehlen mir zwar 1 bis 2 Sekunden pro Runde, aber mit den meisten kann ich mithalten. Wahrscheinlich k\u00f6nnte ich sogar mit ein paar Einstellungen im Fahrtenregler und am Motortiming noch was rausholen. Aber so wie es ist, macht das Modell Spa\u00df und auch ohne extra Motork\u00fchler wird nichts zu hei\u00df. Mit meinen 6200 mAh Akkus habe ich anfangs 55 Runden geschafft. Das waren immer ca. 20-25 Minuten reine Fahrzeit pro Akku. Nach 3 Jahren halten sie noch 45 Runden. Wird langsam Zeit sie auszutauschen.<br>Ich mag Allrad-Antrieb lieber als 2WD, weil ich mit 4WD bei feuchter Strecke nicht so schnell wegrutsche, wenn ich aus den Kurven herausbeschleunigen will. Das reduziert nat\u00fcrlich auch die Gefahr von Crashs und kommt somit dem Geldbeutel zugute.<br>Ich fahre das Modell jetzt schon eine ganze Weile, und es ist noch nicht viel kaputt gegangen. Nur wenn ich bei einem Crash ganz viel Pech habe und sehr ung\u00fcnstig aufkomme, bricht mal eine der vorderen Querlenker. Das kostet dann ca. 9 Euro. <br>Das Einzige, was mich am Anfang genervt hat, war der Heckfl\u00fcgel. Die Original-Lexanfl\u00fcgel verbiegen nach nicht allzu langer Zeit, wenn man sich \u00fcberschl\u00e4gt oder ungewollten Kontakt mit anderen Fahrzeugen hat. Ich h\u00e4tte anfangs nicht gedacht, dass der Heckfl\u00fcgel so viel Einfluss auf die Fahreigenschaften hat. Ich habe ihn nach einem Tipp von Hartmut gegen einen 10-Euro-Kunststoff-Heckfl\u00fcgel eines anderen Herstellers ausgetauscht. Seit dem ist Ruhe.&#8221;   <\/p>\n<\/div>\n\n\n\n<div class=\"wp-block-group alignfull has-global-padding is-layout-constrained wp-container-core-group-is-layout-2 wp-block-group-is-layout-constrained\" style=\"padding-top:var(--wp--preset--spacing--50);padding-right:var(--wp--preset--spacing--50);padding-bottom:var(--wp--preset--spacing--50);padding-left:var(--wp--preset--spacing--50)\">\n<div class=\"wp-block-columns alignwide is-layout-flex wp-container-core-columns-is-layout-1 wp-block-columns-is-layout-flex\" style=\"margin-top:0;margin-bottom:0\">\n<div class=\"wp-block-column is-layout-flow wp-container-core-column-is-layout-1 wp-block-column-is-layout-flow\">\n<div class=\"wp-block-query is-layout-flow wp-block-query-is-layout-flow\"><\/div>\n<\/div>\n\n\n\n<div class=\"wp-block-column is-layout-flow wp-container-core-column-is-layout-2 wp-block-column-is-layout-flow\" style=\"padding-top:0\">\n<div style=\"height:var(--wp--preset--spacing--50)\" aria-hidden=\"true\" class=\"wp-block-spacer\"><\/div>\n\n\n\n<div class=\"wp-block-query is-layout-flow wp-block-query-is-layout-flow\"><\/div>\n\n\n\n<div style=\"height:var(--wp--preset--spacing--50)\" aria-hidden=\"true\" class=\"wp-block-spacer\"><\/div>\n<\/div>\n\n\n\n<div class=\"wp-block-column is-layout-flow wp-container-core-column-is-layout-3 wp-block-column-is-layout-flow\">\n<div class=\"wp-block-query is-layout-flow wp-block-query-is-layout-flow\"><\/div>\n<\/div>\n\n\n\n<div class=\"wp-block-column is-layout-flow wp-container-core-column-is-layout-4 wp-block-column-is-layout-flow\" style=\"padding-top:0\">\n<div style=\"height:var(--wp--preset--spacing--50)\" aria-hidden=\"true\" class=\"wp-block-spacer\"><\/div>\n\n\n\n<div class=\"wp-block-query is-layout-flow wp-block-query-is-layout-flow\"><\/div>\n\n\n\n<div style=\"height:var(--wp--preset--spacing--50)\" aria-hidden=\"true\" class=\"wp-block-spacer\"><\/div>\n<\/div>\n<\/div>\n<\/div>\n","protected":false},"excerpt":{"rendered":"<p>Ma\u00dfstab 1:10 Antriebsart 4WD Modelljahr 2021 Hersteller-Webseite https:\/\/teamxray.com\/xb4\/2021\/en\/ Anleitungen\/Teileliste\/Set-Up Sheet https:\/\/teamxray.com\/xb4\/2021\/en\/download\/ Beispiel-Konfiguration (Andreas) Fernsteuerung &amp; Empf\u00e4nger Sanwa MT-44 mit RX 482 Servo SAV\u00d6X SB-2263MG Fahrtenregler Hobbywing Xerun XR10 Pro Elite G2 Motor Hobywing Xerun V10 6.5T Black G3 Motorritzel 21er Reifen Schumacher Mini Pin 2&#8211; Yellow f\u00fcr trocken&#8211; Silver f\u00fcr feucht Akku Lipo Shorty 2S [&hellip;]<\/p>\n","protected":false},"author":1,"featured_media":47,"parent":42,"menu_order":0,"comment_status":"closed","ping_status":"closed","template":"","meta":{"footnotes":""},"class_list":["post-46","page","type-page","status-publish","has-post-thumbnail","hentry"],"yoast_head":"<!-- This site is optimized with the Yoast SEO plugin v24.7 - https:\/\/yoast.com\/wordpress\/plugins\/seo\/ -->\r\n<title>XRAY XB4 (2021) - RC Offroad Nordheide<\/title>\r\n<meta name=\"description\" content=\"Erfahrungen mit dem 1:10 RC Buggy XRAY XB4 von 2021. Wie gut h\u00e4lt ein 1:10er Buggy mit den 1:8ern mit. Haltbarkeit und sinnvolle Anpassungen.\" \/>\r\n<meta name=\"robots\" content=\"index, follow, max-snippet:-1, max-image-preview:large, max-video-preview:-1\" \/>\r\n<link rel=\"canonical\" href=\"https:\/\/rc-offroad-nordheide.de\/index.php\/fahrzeuge\/xray-xb4-2021\/\" \/>\r\n<meta property=\"og:locale\" content=\"en_US\" \/>\r\n<meta property=\"og:type\" content=\"article\" \/>\r\n<meta property=\"og:title\" content=\"XRAY XB4 (2021) - RC Offroad Nordheide\" \/>\r\n<meta property=\"og:description\" content=\"Erfahrungen mit dem 1:10 RC Buggy XRAY XB4 von 2021. Wie gut h\u00e4lt ein 1:10er Buggy mit den 1:8ern mit. Haltbarkeit und sinnvolle Anpassungen.\" \/>\r\n<meta property=\"og:url\" content=\"https:\/\/rc-offroad-nordheide.de\/index.php\/fahrzeuge\/xray-xb4-2021\/\" \/>\r\n<meta property=\"og:site_name\" content=\"RC Offroad Nordheide\" \/>\r\n<meta property=\"article:publisher\" content=\"https:\/\/www.facebook.com\/groups\/558192685001530\/\" \/>\r\n<meta property=\"article:modified_time\" content=\"2025-03-30T18:11:49+00:00\" \/>\r\n<meta property=\"og:image\" content=\"https:\/\/rc-offroad-nordheide.de\/wp-content\/uploads\/2024\/10\/XRAY-XB4-2020-New.jpg\" \/>\r\n\t<meta property=\"og:image:width\" content=\"1080\" \/>\r\n\t<meta property=\"og:image:height\" content=\"608\" \/>\r\n\t<meta property=\"og:image:type\" content=\"image\/jpeg\" \/>\r\n<meta name=\"twitter:card\" content=\"summary_large_image\" \/>\r\n<meta name=\"twitter:label1\" content=\"Est. reading time\" \/>\n\t<meta name=\"twitter:data1\" content=\"2 minutes\" \/>\r\n<script type=\"application\/ld+json\" class=\"yoast-schema-graph\">{\"@context\":\"https:\/\/schema.org\",\"@graph\":[{\"@type\":\"WebPage\",\"@id\":\"https:\/\/rc-offroad-nordheide.de\/index.php\/fahrzeuge\/xray-xb4-2021\/\",\"url\":\"https:\/\/rc-offroad-nordheide.de\/index.php\/fahrzeuge\/xray-xb4-2021\/\",\"name\":\"XRAY XB4 (2021) - RC Offroad Nordheide\",\"isPartOf\":{\"@id\":\"https:\/\/rc-offroad-nordheide.de\/#website\"},\"primaryImageOfPage\":{\"@id\":\"https:\/\/rc-offroad-nordheide.de\/index.php\/fahrzeuge\/xray-xb4-2021\/#primaryimage\"},\"image\":{\"@id\":\"https:\/\/rc-offroad-nordheide.de\/index.php\/fahrzeuge\/xray-xb4-2021\/#primaryimage\"},\"thumbnailUrl\":\"https:\/\/rc-offroad-nordheide.de\/wp-content\/uploads\/2024\/10\/XRAY-XB4-2020-New.jpg\",\"datePublished\":\"2024-10-20T13:24:36+00:00\",\"dateModified\":\"2025-03-30T18:11:49+00:00\",\"description\":\"Erfahrungen mit dem 1:10 RC Buggy XRAY XB4 von 2021. Wie gut h\u00e4lt ein 1:10er Buggy mit den 1:8ern mit. Haltbarkeit und sinnvolle Anpassungen.\",\"breadcrumb\":{\"@id\":\"https:\/\/rc-offroad-nordheide.de\/index.php\/fahrzeuge\/xray-xb4-2021\/#breadcrumb\"},\"inLanguage\":\"en-US\",\"potentialAction\":[{\"@type\":\"ReadAction\",\"target\":[\"https:\/\/rc-offroad-nordheide.de\/index.php\/fahrzeuge\/xray-xb4-2021\/\"]}]},{\"@type\":\"ImageObject\",\"inLanguage\":\"en-US\",\"@id\":\"https:\/\/rc-offroad-nordheide.de\/index.php\/fahrzeuge\/xray-xb4-2021\/#primaryimage\",\"url\":\"https:\/\/rc-offroad-nordheide.de\/wp-content\/uploads\/2024\/10\/XRAY-XB4-2020-New.jpg\",\"contentUrl\":\"https:\/\/rc-offroad-nordheide.de\/wp-content\/uploads\/2024\/10\/XRAY-XB4-2020-New.jpg\",\"width\":1080,\"height\":608},{\"@type\":\"BreadcrumbList\",\"@id\":\"https:\/\/rc-offroad-nordheide.de\/index.php\/fahrzeuge\/xray-xb4-2021\/#breadcrumb\",\"itemListElement\":[{\"@type\":\"ListItem\",\"position\":1,\"name\":\"Home\",\"item\":\"https:\/\/rc-offroad-nordheide.de\/\"},{\"@type\":\"ListItem\",\"position\":2,\"name\":\"Fahrzeuge\",\"item\":\"https:\/\/rc-offroad-nordheide.de\/index.php\/fahrzeuge\/\"},{\"@type\":\"ListItem\",\"position\":3,\"name\":\"XRAY XB4 (2021)\"}]},{\"@type\":\"WebSite\",\"@id\":\"https:\/\/rc-offroad-nordheide.de\/#website\",\"url\":\"https:\/\/rc-offroad-nordheide.de\/\",\"name\":\"RC Offroad Nordheide\",\"description\":\"Fahrspa\u00df f\u00fcr 1:8 und 1:10 Offroad-Buggies\",\"publisher\":{\"@id\":\"https:\/\/rc-offroad-nordheide.de\/#organization\"},\"potentialAction\":[{\"@type\":\"SearchAction\",\"target\":{\"@type\":\"EntryPoint\",\"urlTemplate\":\"https:\/\/rc-offroad-nordheide.de\/?s={search_term_string}\"},\"query-input\":{\"@type\":\"PropertyValueSpecification\",\"valueRequired\":true,\"valueName\":\"search_term_string\"}}],\"inLanguage\":\"en-US\"},{\"@type\":\"Organization\",\"@id\":\"https:\/\/rc-offroad-nordheide.de\/#organization\",\"name\":\"RC Offroad Nordheide\",\"url\":\"https:\/\/rc-offroad-nordheide.de\/\",\"logo\":{\"@type\":\"ImageObject\",\"inLanguage\":\"en-US\",\"@id\":\"https:\/\/rc-offroad-nordheide.de\/#\/schema\/logo\/image\/\",\"url\":\"https:\/\/rc-offroad-nordheide.de\/wp-content\/uploads\/2024\/10\/Logo_frei.png\",\"contentUrl\":\"https:\/\/rc-offroad-nordheide.de\/wp-content\/uploads\/2024\/10\/Logo_frei.png\",\"width\":1058,\"height\":503,\"caption\":\"RC Offroad Nordheide\"},\"image\":{\"@id\":\"https:\/\/rc-offroad-nordheide.de\/#\/schema\/logo\/image\/\"},\"sameAs\":[\"https:\/\/www.facebook.com\/groups\/558192685001530\/\",\"https:\/\/chat.whatsapp.com\/JzU7EAT6xha4eBo6nEtte0\"]}]}<\/script>\r\n<!-- \/ Yoast SEO plugin. -->","yoast_head_json":{"title":"XRAY XB4 (2021) - RC Offroad Nordheide","description":"Erfahrungen mit dem 1:10 RC Buggy XRAY XB4 von 2021. Wie gut h\u00e4lt ein 1:10er Buggy mit den 1:8ern mit. Haltbarkeit und sinnvolle Anpassungen.","robots":{"index":"index","follow":"follow","max-snippet":"max-snippet:-1","max-image-preview":"max-image-preview:large","max-video-preview":"max-video-preview:-1"},"canonical":"https:\/\/rc-offroad-nordheide.de\/index.php\/fahrzeuge\/xray-xb4-2021\/","og_locale":"en_US","og_type":"article","og_title":"XRAY XB4 (2021) - RC Offroad Nordheide","og_description":"Erfahrungen mit dem 1:10 RC Buggy XRAY XB4 von 2021. Wie gut h\u00e4lt ein 1:10er Buggy mit den 1:8ern mit. Haltbarkeit und sinnvolle Anpassungen.","og_url":"https:\/\/rc-offroad-nordheide.de\/index.php\/fahrzeuge\/xray-xb4-2021\/","og_site_name":"RC Offroad Nordheide","article_publisher":"https:\/\/www.facebook.com\/groups\/558192685001530\/","article_modified_time":"2025-03-30T18:11:49+00:00","og_image":[{"width":1080,"height":608,"url":"https:\/\/rc-offroad-nordheide.de\/wp-content\/uploads\/2024\/10\/XRAY-XB4-2020-New.jpg","type":"image\/jpeg"}],"twitter_card":"summary_large_image","twitter_misc":{"Est. reading time":"2 minutes"},"schema":{"@context":"https:\/\/schema.org","@graph":[{"@type":"WebPage","@id":"https:\/\/rc-offroad-nordheide.de\/index.php\/fahrzeuge\/xray-xb4-2021\/","url":"https:\/\/rc-offroad-nordheide.de\/index.php\/fahrzeuge\/xray-xb4-2021\/","name":"XRAY XB4 (2021) - RC Offroad Nordheide","isPartOf":{"@id":"https:\/\/rc-offroad-nordheide.de\/#website"},"primaryImageOfPage":{"@id":"https:\/\/rc-offroad-nordheide.de\/index.php\/fahrzeuge\/xray-xb4-2021\/#primaryimage"},"image":{"@id":"https:\/\/rc-offroad-nordheide.de\/index.php\/fahrzeuge\/xray-xb4-2021\/#primaryimage"},"thumbnailUrl":"https:\/\/rc-offroad-nordheide.de\/wp-content\/uploads\/2024\/10\/XRAY-XB4-2020-New.jpg","datePublished":"2024-10-20T13:24:36+00:00","dateModified":"2025-03-30T18:11:49+00:00","description":"Erfahrungen mit dem 1:10 RC Buggy XRAY XB4 von 2021. Wie gut h\u00e4lt ein 1:10er Buggy mit den 1:8ern mit. Haltbarkeit und sinnvolle Anpassungen.","breadcrumb":{"@id":"https:\/\/rc-offroad-nordheide.de\/index.php\/fahrzeuge\/xray-xb4-2021\/#breadcrumb"},"inLanguage":"en-US","potentialAction":[{"@type":"ReadAction","target":["https:\/\/rc-offroad-nordheide.de\/index.php\/fahrzeuge\/xray-xb4-2021\/"]}]},{"@type":"ImageObject","inLanguage":"en-US","@id":"https:\/\/rc-offroad-nordheide.de\/index.php\/fahrzeuge\/xray-xb4-2021\/#primaryimage","url":"https:\/\/rc-offroad-nordheide.de\/wp-content\/uploads\/2024\/10\/XRAY-XB4-2020-New.jpg","contentUrl":"https:\/\/rc-offroad-nordheide.de\/wp-content\/uploads\/2024\/10\/XRAY-XB4-2020-New.jpg","width":1080,"height":608},{"@type":"BreadcrumbList","@id":"https:\/\/rc-offroad-nordheide.de\/index.php\/fahrzeuge\/xray-xb4-2021\/#breadcrumb","itemListElement":[{"@type":"ListItem","position":1,"name":"Home","item":"https:\/\/rc-offroad-nordheide.de\/"},{"@type":"ListItem","position":2,"name":"Fahrzeuge","item":"https:\/\/rc-offroad-nordheide.de\/index.php\/fahrzeuge\/"},{"@type":"ListItem","position":3,"name":"XRAY XB4 (2021)"}]},{"@type":"WebSite","@id":"https:\/\/rc-offroad-nordheide.de\/#website","url":"https:\/\/rc-offroad-nordheide.de\/","name":"RC Offroad Nordheide","description":"Fahrspa\u00df f\u00fcr 1:8 und 1:10 Offroad-Buggies","publisher":{"@id":"https:\/\/rc-offroad-nordheide.de\/#organization"},"potentialAction":[{"@type":"SearchAction","target":{"@type":"EntryPoint","urlTemplate":"https:\/\/rc-offroad-nordheide.de\/?s={search_term_string}"},"query-input":{"@type":"PropertyValueSpecification","valueRequired":true,"valueName":"search_term_string"}}],"inLanguage":"en-US"},{"@type":"Organization","@id":"https:\/\/rc-offroad-nordheide.de\/#organization","name":"RC Offroad Nordheide","url":"https:\/\/rc-offroad-nordheide.de\/","logo":{"@type":"ImageObject","inLanguage":"en-US","@id":"https:\/\/rc-offroad-nordheide.de\/#\/schema\/logo\/image\/","url":"https:\/\/rc-offroad-nordheide.de\/wp-content\/uploads\/2024\/10\/Logo_frei.png","contentUrl":"https:\/\/rc-offroad-nordheide.de\/wp-content\/uploads\/2024\/10\/Logo_frei.png","width":1058,"height":503,"caption":"RC Offroad Nordheide"},"image":{"@id":"https:\/\/rc-offroad-nordheide.de\/#\/schema\/logo\/image\/"},"sameAs":["https:\/\/www.facebook.com\/groups\/558192685001530\/","https:\/\/chat.whatsapp.com\/JzU7EAT6xha4eBo6nEtte0"]}]}},"_links":{"self":[{"href":"https:\/\/rc-offroad-nordheide.de\/index.php\/wp-json\/wp\/v2\/pages\/46"}],"collection":[{"href":"https:\/\/rc-offroad-nordheide.de\/index.php\/wp-json\/wp\/v2\/pages"}],"about":[{"href":"https:\/\/rc-offroad-nordheide.de\/index.php\/wp-json\/wp\/v2\/types\/page"}],"author":[{"embeddable":true,"href":"https:\/\/rc-offroad-nordheide.de\/index.php\/wp-json\/wp\/v2\/users\/1"}],"replies":[{"embeddable":true,"href":"https:\/\/rc-offroad-nordheide.de\/index.php\/wp-json\/wp\/v2\/comments?post=46"}],"version-history":[{"count":3,"href":"https:\/\/rc-offroad-nordheide.de\/index.php\/wp-json\/wp\/v2\/pages\/46\/revisions"}],"predecessor-version":[{"id":52,"href":"https:\/\/rc-offroad-nordheide.de\/index.php\/wp-json\/wp\/v2\/pages\/46\/revisions\/52"}],"up":[{"embeddable":true,"href":"https:\/\/rc-offroad-nordheide.de\/index.php\/wp-json\/wp\/v2\/pages\/42"}],"wp:featuredmedia":[{"embeddable":true,"href":"https:\/\/rc-offroad-nordheide.de\/index.php\/wp-json\/wp\/v2\/media\/47"}],"wp:attachment":[{"href":"https:\/\/rc-offroad-nordheide.de\/index.php\/wp-json\/wp\/v2\/media?parent=46"}],"curies":[{"name":"wp","href":"https:\/\/api.w.org\/{rel}","templated":true}]}}