{"id":53,"date":"2024-10-20T16:29:55","date_gmt":"2024-10-20T14:29:55","guid":{"rendered":"http:\/\/rc-offroad-nordheide.de\/?page_id=53"},"modified":"2025-03-30T20:18:15","modified_gmt":"2025-03-30T18:18:15","slug":"xray-xb4-2019","status":"publish","type":"page","link":"https:\/\/rc-offroad-nordheide.de\/index.php\/fahrzeuge\/xray-xb4-2019\/","title":{"rendered":"XRAY XB4 (2019)"},"content":{"rendered":"\n<div class=\"wp-block-group alignwide has-global-padding is-layout-constrained wp-block-group-is-layout-constrained\">\n<figure class=\"wp-block-table\"><table class=\"has-fixed-layout\"><tbody><tr><td>Ma\u00dfstab<\/td><td>1:10<\/td><\/tr><tr><td>Antriebsart<\/td><td>4WD<\/td><\/tr><tr><td>Modelljahr<\/td><td>2019<\/td><\/tr><tr><td>Hersteller-Webseite<\/td><td><a href=\"https:\/\/teamxray.com\/xb4\/2019\/en\/\">https:\/\/teamxray.com\/xb4\/2019\/en\/<\/a><\/td><\/tr><tr><td>Anleitungen\/Teileliste\/Set-Up Sheet<\/td><td><a href=\"https:\/\/teamxray.com\/xb4\/2021\/en\/download\/\">https:\/\/teamxray.com\/xb4\/2019\/en\/download\/<\/a><\/td><\/tr><\/tbody><\/table><\/figure>\n\n\n\n<h5 class=\"wp-block-heading\">Beispiel-Konfiguration (Mailo)<\/h5>\n\n\n\n<figure class=\"wp-block-table\"><table class=\"has-fixed-layout\"><tbody><tr><td>Fernsteuerung &amp; Empf\u00e4nger<\/td><td>Carson Reflex Wheel 3 Pro LCD<\/td><\/tr><tr><td>Servo<\/td><td>SAV\u00d6X SB-2263MG<\/td><\/tr><tr><td>Fahrtenregler<\/td><td>Hobbywing Xerun XR10 Justock G3S<\/td><\/tr><tr><td>Motor<\/td><td>Hobywing Justock 10.5T G2.1<\/td><\/tr><tr><td>Motorritzel<\/td><td>25er<\/td><\/tr><tr><td>Reifen<\/td><td>Schumacher Mini Pin 2<br>&#8211; Yellow f\u00fcr trocken<br>&#8211; Silver f\u00fcr feucht<\/td><\/tr><tr><td>Akku<\/td><td>Lipo Shorty 2S mit 3mm-Steckern<br>Vorjay 6200 mAh<\/td><\/tr><\/tbody><\/table><\/figure>\n\n\n\n<figure class=\"wp-block-image size-large\"><img loading=\"lazy\" decoding=\"async\" width=\"1024\" height=\"576\" src=\"https:\/\/rc-offroad-nordheide.de\/wp-content\/uploads\/2024\/10\/XRAY-XB4-2019-Elektronik-1024x576.jpg\" alt=\"\" class=\"wp-image-54\" srcset=\"https:\/\/rc-offroad-nordheide.de\/wp-content\/uploads\/2024\/10\/XRAY-XB4-2019-Elektronik-1024x576.jpg 1024w, https:\/\/rc-offroad-nordheide.de\/wp-content\/uploads\/2024\/10\/XRAY-XB4-2019-Elektronik-300x169.jpg 300w, https:\/\/rc-offroad-nordheide.de\/wp-content\/uploads\/2024\/10\/XRAY-XB4-2019-Elektronik-768x432.jpg 768w, https:\/\/rc-offroad-nordheide.de\/wp-content\/uploads\/2024\/10\/XRAY-XB4-2019-Elektronik.jpg 1080w\" sizes=\"(max-width: 1024px) 100vw, 1024px\" \/><\/figure>\n\n\n\n<p><strong>Andreas:<\/strong><br>&#8220;Ich habe f\u00fcr meine beiden S\u00f6hne gebrauchte XRAY XB4 2019 gekauft, damit wir zusammen auf der Strecke fahren k\u00f6nnen. Da ich hin und wieder auch mal die 2019er Modelle meiner S\u00f6hne fahre, kann ich hier einen Vergleich zum 2021er Modell machen. Dieses Modell kam aufgebaut vom Vorbesitzer und liegt eventuell sogar etwas besser auf der Strecke als mein eigenes. Liegt wahrscheinlich am D\u00e4mpfer\u00f6l, denn die Modelle sind sich vom Aufbau her doch sehr \u00e4hnlich. Der Vorbesitzer hat auch ein paar Tuningteile verbaut, von denen ich aber nicht glaube, dass sie einen gro\u00dfen Unterschied bewirken. Das vorher verbaute Servo hat irgendwann den Geist aufgegeben und ich habe es durch ein SAV\u00d6X SB-2263MG ersetzt, weil ich mit diesem im Gegensatz zu anderen Servos noch nie Probleme hatte.<br>Das SAV\u00d6X SB-2263MG hat auch den Vorteil, dass es die kurze Bauform hat, wodurch mehr Platz f\u00fcr den doch recht gro\u00dfen Empf\u00e4nger der Carson-Fernbedienung blieb.<br>Wie gesagt, liegt das Modell sehr sch\u00f6n auf der Strecke, l\u00e4sst sich aufgrund der g\u00fcnstigeren Fernsteuerung aber nicht ganz so sch\u00f6n lenken, wie mein eigenes. Der 10.5T Motor mit dem Justock Fahrtenregler ist nat\u00fcrlich auch nicht ganz so schnell und aggressiv, wie die Kombination in meinem eigenen Modell. Trotzdem schafft es mein Sohn inzwischen Rundenzeiten zu fahren, die nur 1-2 Sekunden langsamer sind, als meine.<br>Auch bei diesen Modellen haben wir den Lexan-Heckfl\u00fcgel gegen Kunststoff-Heckfl\u00fcgel eines anderen Herstellers ausgetauscht, um keine Folgekosten bei Crashes mehr zu haben. Die 2019er Modelle meiner Jungs sind genauso robust, wie mein 2021er Modell und die Ersatzteilbeschaffung ist bislang problemlos. Meist sind es die vorderen Querlenker (ca. 9 EUR), die bei Crashes brechen k\u00f6nnen. Passiert aber auch nicht so oft.&#8221;<\/p>\n<\/div>\n\n\n\n<div class=\"wp-block-group alignfull has-global-padding is-layout-constrained wp-container-core-group-is-layout-2 wp-block-group-is-layout-constrained\" style=\"padding-top:var(--wp--preset--spacing--50);padding-right:var(--wp--preset--spacing--50);padding-bottom:var(--wp--preset--spacing--50);padding-left:var(--wp--preset--spacing--50)\">\n<div class=\"wp-block-columns alignwide is-layout-flex wp-container-core-columns-is-layout-1 wp-block-columns-is-layout-flex\" style=\"margin-top:0;margin-bottom:0\">\n<div class=\"wp-block-column is-layout-flow wp-container-core-column-is-layout-1 wp-block-column-is-layout-flow\">\n<div class=\"wp-block-query is-layout-flow wp-block-query-is-layout-flow\"><\/div>\n<\/div>\n\n\n\n<div class=\"wp-block-column is-layout-flow wp-container-core-column-is-layout-2 wp-block-column-is-layout-flow\" style=\"padding-top:0\">\n<div style=\"height:var(--wp--preset--spacing--50)\" aria-hidden=\"true\" class=\"wp-block-spacer\"><\/div>\n\n\n\n<div class=\"wp-block-query is-layout-flow wp-block-query-is-layout-flow\"><\/div>\n\n\n\n<div style=\"height:var(--wp--preset--spacing--50)\" aria-hidden=\"true\" class=\"wp-block-spacer\"><\/div>\n<\/div>\n\n\n\n<div class=\"wp-block-column is-layout-flow wp-container-core-column-is-layout-3 wp-block-column-is-layout-flow\">\n<div class=\"wp-block-query is-layout-flow wp-block-query-is-layout-flow\"><\/div>\n<\/div>\n\n\n\n<div class=\"wp-block-column is-layout-flow wp-container-core-column-is-layout-4 wp-block-column-is-layout-flow\" style=\"padding-top:0\">\n<div style=\"height:var(--wp--preset--spacing--50)\" aria-hidden=\"true\" class=\"wp-block-spacer\"><\/div>\n\n\n\n<div class=\"wp-block-query is-layout-flow wp-block-query-is-layout-flow\"><\/div>\n\n\n\n<div style=\"height:var(--wp--preset--spacing--50)\" aria-hidden=\"true\" class=\"wp-block-spacer\"><\/div>\n<\/div>\n<\/div>\n<\/div>\n","protected":false},"excerpt":{"rendered":"<p>Ma\u00dfstab 1:10 Antriebsart 4WD Modelljahr 2019 Hersteller-Webseite https:\/\/teamxray.com\/xb4\/2019\/en\/ Anleitungen\/Teileliste\/Set-Up Sheet https:\/\/teamxray.com\/xb4\/2019\/en\/download\/ Beispiel-Konfiguration (Mailo) Fernsteuerung &amp; Empf\u00e4nger Carson Reflex Wheel 3 Pro LCD Servo SAV\u00d6X SB-2263MG Fahrtenregler Hobbywing Xerun XR10 Justock G3S Motor Hobywing Justock 10.5T G2.1 Motorritzel 25er Reifen Schumacher Mini Pin 2&#8211; Yellow f\u00fcr trocken&#8211; Silver f\u00fcr feucht Akku Lipo Shorty 2S mit 3mm-SteckernVorjay [&hellip;]<\/p>\n","protected":false},"author":1,"featured_media":0,"parent":42,"menu_order":0,"comment_status":"closed","ping_status":"closed","template":"","meta":{"footnotes":""},"class_list":["post-53","page","type-page","status-publish","hentry"],"yoast_head":"<!-- This site is optimized with the Yoast SEO plugin v24.7 - https:\/\/yoast.com\/wordpress\/plugins\/seo\/ -->\r\n<title>XRAY XB4 (2019) - RC Offroad Nordheide<\/title>\r\n<meta name=\"description\" content=\"Vergleich XRAY XB4 2019 vs. 2021: Fahreindr\u00fccke, Setup-Tipps &amp; Haltbarkeit. Welche Unterschiede gibt es und welches Teil sollte man tauschen?\" \/>\r\n<meta name=\"robots\" content=\"index, follow, max-snippet:-1, max-image-preview:large, max-video-preview:-1\" \/>\r\n<link rel=\"canonical\" href=\"https:\/\/rc-offroad-nordheide.de\/index.php\/fahrzeuge\/xray-xb4-2019\/\" \/>\r\n<meta property=\"og:locale\" content=\"en_US\" \/>\r\n<meta property=\"og:type\" content=\"article\" \/>\r\n<meta property=\"og:title\" content=\"XRAY XB4 (2019) - RC Offroad Nordheide\" \/>\r\n<meta property=\"og:description\" content=\"Vergleich XRAY XB4 2019 vs. 2021: Fahreindr\u00fccke, Setup-Tipps &amp; Haltbarkeit. Welche Unterschiede gibt es und welches Teil sollte man tauschen?\" \/>\r\n<meta property=\"og:url\" content=\"https:\/\/rc-offroad-nordheide.de\/index.php\/fahrzeuge\/xray-xb4-2019\/\" \/>\r\n<meta property=\"og:site_name\" content=\"RC Offroad Nordheide\" \/>\r\n<meta property=\"article:publisher\" content=\"https:\/\/www.facebook.com\/groups\/558192685001530\/\" \/>\r\n<meta property=\"article:modified_time\" content=\"2025-03-30T18:18:15+00:00\" \/>\r\n<meta property=\"og:image\" content=\"http:\/\/rc-offroad-nordheide.de\/wp-content\/uploads\/2024\/10\/XRAY-XB4-2019-Elektronik-1024x576.jpg\" \/>\r\n<meta name=\"twitter:card\" content=\"summary_large_image\" \/>\r\n<meta name=\"twitter:label1\" content=\"Est. reading time\" \/>\n\t<meta name=\"twitter:data1\" content=\"2 minutes\" \/>\r\n<script type=\"application\/ld+json\" class=\"yoast-schema-graph\">{\"@context\":\"https:\/\/schema.org\",\"@graph\":[{\"@type\":\"WebPage\",\"@id\":\"https:\/\/rc-offroad-nordheide.de\/index.php\/fahrzeuge\/xray-xb4-2019\/\",\"url\":\"https:\/\/rc-offroad-nordheide.de\/index.php\/fahrzeuge\/xray-xb4-2019\/\",\"name\":\"XRAY XB4 (2019) - RC Offroad Nordheide\",\"isPartOf\":{\"@id\":\"https:\/\/rc-offroad-nordheide.de\/#website\"},\"primaryImageOfPage\":{\"@id\":\"https:\/\/rc-offroad-nordheide.de\/index.php\/fahrzeuge\/xray-xb4-2019\/#primaryimage\"},\"image\":{\"@id\":\"https:\/\/rc-offroad-nordheide.de\/index.php\/fahrzeuge\/xray-xb4-2019\/#primaryimage\"},\"thumbnailUrl\":\"http:\/\/rc-offroad-nordheide.de\/wp-content\/uploads\/2024\/10\/XRAY-XB4-2019-Elektronik-1024x576.jpg\",\"datePublished\":\"2024-10-20T14:29:55+00:00\",\"dateModified\":\"2025-03-30T18:18:15+00:00\",\"description\":\"Vergleich XRAY XB4 2019 vs. 2021: Fahreindr\u00fccke, Setup-Tipps & Haltbarkeit. Welche Unterschiede gibt es und welches Teil sollte man tauschen?\",\"breadcrumb\":{\"@id\":\"https:\/\/rc-offroad-nordheide.de\/index.php\/fahrzeuge\/xray-xb4-2019\/#breadcrumb\"},\"inLanguage\":\"en-US\",\"potentialAction\":[{\"@type\":\"ReadAction\",\"target\":[\"https:\/\/rc-offroad-nordheide.de\/index.php\/fahrzeuge\/xray-xb4-2019\/\"]}]},{\"@type\":\"ImageObject\",\"inLanguage\":\"en-US\",\"@id\":\"https:\/\/rc-offroad-nordheide.de\/index.php\/fahrzeuge\/xray-xb4-2019\/#primaryimage\",\"url\":\"http:\/\/rc-offroad-nordheide.de\/wp-content\/uploads\/2024\/10\/XRAY-XB4-2019-Elektronik-1024x576.jpg\",\"contentUrl\":\"http:\/\/rc-offroad-nordheide.de\/wp-content\/uploads\/2024\/10\/XRAY-XB4-2019-Elektronik-1024x576.jpg\"},{\"@type\":\"BreadcrumbList\",\"@id\":\"https:\/\/rc-offroad-nordheide.de\/index.php\/fahrzeuge\/xray-xb4-2019\/#breadcrumb\",\"itemListElement\":[{\"@type\":\"ListItem\",\"position\":1,\"name\":\"Home\",\"item\":\"https:\/\/rc-offroad-nordheide.de\/\"},{\"@type\":\"ListItem\",\"position\":2,\"name\":\"Fahrzeuge\",\"item\":\"https:\/\/rc-offroad-nordheide.de\/index.php\/fahrzeuge\/\"},{\"@type\":\"ListItem\",\"position\":3,\"name\":\"XRAY XB4 (2019)\"}]},{\"@type\":\"WebSite\",\"@id\":\"https:\/\/rc-offroad-nordheide.de\/#website\",\"url\":\"https:\/\/rc-offroad-nordheide.de\/\",\"name\":\"RC Offroad Nordheide\",\"description\":\"Fahrspa\u00df f\u00fcr 1:8 und 1:10 Offroad-Buggies\",\"publisher\":{\"@id\":\"https:\/\/rc-offroad-nordheide.de\/#organization\"},\"potentialAction\":[{\"@type\":\"SearchAction\",\"target\":{\"@type\":\"EntryPoint\",\"urlTemplate\":\"https:\/\/rc-offroad-nordheide.de\/?s={search_term_string}\"},\"query-input\":{\"@type\":\"PropertyValueSpecification\",\"valueRequired\":true,\"valueName\":\"search_term_string\"}}],\"inLanguage\":\"en-US\"},{\"@type\":\"Organization\",\"@id\":\"https:\/\/rc-offroad-nordheide.de\/#organization\",\"name\":\"RC Offroad Nordheide\",\"url\":\"https:\/\/rc-offroad-nordheide.de\/\",\"logo\":{\"@type\":\"ImageObject\",\"inLanguage\":\"en-US\",\"@id\":\"https:\/\/rc-offroad-nordheide.de\/#\/schema\/logo\/image\/\",\"url\":\"https:\/\/rc-offroad-nordheide.de\/wp-content\/uploads\/2024\/10\/Logo_frei.png\",\"contentUrl\":\"https:\/\/rc-offroad-nordheide.de\/wp-content\/uploads\/2024\/10\/Logo_frei.png\",\"width\":1058,\"height\":503,\"caption\":\"RC Offroad Nordheide\"},\"image\":{\"@id\":\"https:\/\/rc-offroad-nordheide.de\/#\/schema\/logo\/image\/\"},\"sameAs\":[\"https:\/\/www.facebook.com\/groups\/558192685001530\/\",\"https:\/\/chat.whatsapp.com\/JzU7EAT6xha4eBo6nEtte0\"]}]}<\/script>\r\n<!-- \/ Yoast SEO plugin. -->","yoast_head_json":{"title":"XRAY XB4 (2019) - RC Offroad Nordheide","description":"Vergleich XRAY XB4 2019 vs. 2021: Fahreindr\u00fccke, Setup-Tipps & Haltbarkeit. Welche Unterschiede gibt es und welches Teil sollte man tauschen?","robots":{"index":"index","follow":"follow","max-snippet":"max-snippet:-1","max-image-preview":"max-image-preview:large","max-video-preview":"max-video-preview:-1"},"canonical":"https:\/\/rc-offroad-nordheide.de\/index.php\/fahrzeuge\/xray-xb4-2019\/","og_locale":"en_US","og_type":"article","og_title":"XRAY XB4 (2019) - RC Offroad Nordheide","og_description":"Vergleich XRAY XB4 2019 vs. 2021: Fahreindr\u00fccke, Setup-Tipps & Haltbarkeit. Welche Unterschiede gibt es und welches Teil sollte man tauschen?","og_url":"https:\/\/rc-offroad-nordheide.de\/index.php\/fahrzeuge\/xray-xb4-2019\/","og_site_name":"RC Offroad Nordheide","article_publisher":"https:\/\/www.facebook.com\/groups\/558192685001530\/","article_modified_time":"2025-03-30T18:18:15+00:00","og_image":[{"url":"http:\/\/rc-offroad-nordheide.de\/wp-content\/uploads\/2024\/10\/XRAY-XB4-2019-Elektronik-1024x576.jpg","type":"","width":"","height":""}],"twitter_card":"summary_large_image","twitter_misc":{"Est. reading time":"2 minutes"},"schema":{"@context":"https:\/\/schema.org","@graph":[{"@type":"WebPage","@id":"https:\/\/rc-offroad-nordheide.de\/index.php\/fahrzeuge\/xray-xb4-2019\/","url":"https:\/\/rc-offroad-nordheide.de\/index.php\/fahrzeuge\/xray-xb4-2019\/","name":"XRAY XB4 (2019) - RC Offroad Nordheide","isPartOf":{"@id":"https:\/\/rc-offroad-nordheide.de\/#website"},"primaryImageOfPage":{"@id":"https:\/\/rc-offroad-nordheide.de\/index.php\/fahrzeuge\/xray-xb4-2019\/#primaryimage"},"image":{"@id":"https:\/\/rc-offroad-nordheide.de\/index.php\/fahrzeuge\/xray-xb4-2019\/#primaryimage"},"thumbnailUrl":"http:\/\/rc-offroad-nordheide.de\/wp-content\/uploads\/2024\/10\/XRAY-XB4-2019-Elektronik-1024x576.jpg","datePublished":"2024-10-20T14:29:55+00:00","dateModified":"2025-03-30T18:18:15+00:00","description":"Vergleich XRAY XB4 2019 vs. 2021: Fahreindr\u00fccke, Setup-Tipps & Haltbarkeit. Welche Unterschiede gibt es und welches Teil sollte man tauschen?","breadcrumb":{"@id":"https:\/\/rc-offroad-nordheide.de\/index.php\/fahrzeuge\/xray-xb4-2019\/#breadcrumb"},"inLanguage":"en-US","potentialAction":[{"@type":"ReadAction","target":["https:\/\/rc-offroad-nordheide.de\/index.php\/fahrzeuge\/xray-xb4-2019\/"]}]},{"@type":"ImageObject","inLanguage":"en-US","@id":"https:\/\/rc-offroad-nordheide.de\/index.php\/fahrzeuge\/xray-xb4-2019\/#primaryimage","url":"http:\/\/rc-offroad-nordheide.de\/wp-content\/uploads\/2024\/10\/XRAY-XB4-2019-Elektronik-1024x576.jpg","contentUrl":"http:\/\/rc-offroad-nordheide.de\/wp-content\/uploads\/2024\/10\/XRAY-XB4-2019-Elektronik-1024x576.jpg"},{"@type":"BreadcrumbList","@id":"https:\/\/rc-offroad-nordheide.de\/index.php\/fahrzeuge\/xray-xb4-2019\/#breadcrumb","itemListElement":[{"@type":"ListItem","position":1,"name":"Home","item":"https:\/\/rc-offroad-nordheide.de\/"},{"@type":"ListItem","position":2,"name":"Fahrzeuge","item":"https:\/\/rc-offroad-nordheide.de\/index.php\/fahrzeuge\/"},{"@type":"ListItem","position":3,"name":"XRAY XB4 (2019)"}]},{"@type":"WebSite","@id":"https:\/\/rc-offroad-nordheide.de\/#website","url":"https:\/\/rc-offroad-nordheide.de\/","name":"RC Offroad Nordheide","description":"Fahrspa\u00df f\u00fcr 1:8 und 1:10 Offroad-Buggies","publisher":{"@id":"https:\/\/rc-offroad-nordheide.de\/#organization"},"potentialAction":[{"@type":"SearchAction","target":{"@type":"EntryPoint","urlTemplate":"https:\/\/rc-offroad-nordheide.de\/?s={search_term_string}"},"query-input":{"@type":"PropertyValueSpecification","valueRequired":true,"valueName":"search_term_string"}}],"inLanguage":"en-US"},{"@type":"Organization","@id":"https:\/\/rc-offroad-nordheide.de\/#organization","name":"RC Offroad Nordheide","url":"https:\/\/rc-offroad-nordheide.de\/","logo":{"@type":"ImageObject","inLanguage":"en-US","@id":"https:\/\/rc-offroad-nordheide.de\/#\/schema\/logo\/image\/","url":"https:\/\/rc-offroad-nordheide.de\/wp-content\/uploads\/2024\/10\/Logo_frei.png","contentUrl":"https:\/\/rc-offroad-nordheide.de\/wp-content\/uploads\/2024\/10\/Logo_frei.png","width":1058,"height":503,"caption":"RC Offroad Nordheide"},"image":{"@id":"https:\/\/rc-offroad-nordheide.de\/#\/schema\/logo\/image\/"},"sameAs":["https:\/\/www.facebook.com\/groups\/558192685001530\/","https:\/\/chat.whatsapp.com\/JzU7EAT6xha4eBo6nEtte0"]}]}},"_links":{"self":[{"href":"https:\/\/rc-offroad-nordheide.de\/index.php\/wp-json\/wp\/v2\/pages\/53"}],"collection":[{"href":"https:\/\/rc-offroad-nordheide.de\/index.php\/wp-json\/wp\/v2\/pages"}],"about":[{"href":"https:\/\/rc-offroad-nordheide.de\/index.php\/wp-json\/wp\/v2\/types\/page"}],"author":[{"embeddable":true,"href":"https:\/\/rc-offroad-nordheide.de\/index.php\/wp-json\/wp\/v2\/users\/1"}],"replies":[{"embeddable":true,"href":"https:\/\/rc-offroad-nordheide.de\/index.php\/wp-json\/wp\/v2\/comments?post=53"}],"version-history":[{"count":2,"href":"https:\/\/rc-offroad-nordheide.de\/index.php\/wp-json\/wp\/v2\/pages\/53\/revisions"}],"predecessor-version":[{"id":88,"href":"https:\/\/rc-offroad-nordheide.de\/index.php\/wp-json\/wp\/v2\/pages\/53\/revisions\/88"}],"up":[{"embeddable":true,"href":"https:\/\/rc-offroad-nordheide.de\/index.php\/wp-json\/wp\/v2\/pages\/42"}],"wp:attachment":[{"href":"https:\/\/rc-offroad-nordheide.de\/index.php\/wp-json\/wp\/v2\/media?parent=53"}],"curies":[{"name":"wp","href":"https:\/\/api.w.org\/{rel}","templated":true}]}}