{"id":89,"date":"2025-03-26T21:13:26","date_gmt":"2025-03-26T19:13:26","guid":{"rendered":"https:\/\/rc-offroad-nordheide.de\/?page_id=89"},"modified":"2025-03-30T20:03:54","modified_gmt":"2025-03-30T18:03:54","slug":"kyosho-inferno-mp-10e-tki2","status":"publish","type":"page","link":"https:\/\/rc-offroad-nordheide.de\/index.php\/fahrzeuge\/kyosho-inferno-mp-10e-tki2\/","title":{"rendered":"Kyosho Inferno MP 10e TKI2"},"content":{"rendered":"\n<p>Setup-Tipps, Erfahrungen und Empfehlungen f\u00fcr Ersatzteile zum Kyosho Inferno MP10e TKI2.<\/p>\n\n\n\n<figure class=\"wp-block-table\"><table class=\"has-fixed-layout\"><tbody><tr><td>Ma\u00dfstab<\/td><td>1:8<\/td><\/tr><tr><td>Antriebsart<\/td><td>4WD<\/td><\/tr><tr><td>Hersteller-Webseite<\/td><td><a href=\"https:\/\/www.kyoshoeurope.com\/product\/A0476C4E0BE44B729F85986E53765EAD\/\">https:\/\/www.kyoshoeurope.com\/product\/A0476C4E0BE44B729F85986E53765EAD\/<\/a><\/td><\/tr><\/tbody><\/table><\/figure>\n\n\n\n<h5 class=\"wp-block-heading\">Beispiel-Konfiguration (Michael)<\/h5>\n\n\n\n<figure class=\"wp-block-table\"><table class=\"has-fixed-layout\"><tbody><tr><td>Fernsteuerung &amp; Empf\u00e4nger<\/td><td>Futaba T4PM Plus mit Empf\u00e4nger<\/td><\/tr><tr><td>Servo<\/td><td>Power HD T50<\/td><\/tr><tr><td>Fahrtenregler<\/td><td>Hobbywing Xerun XR8 Pro G3 200A<\/td><\/tr><tr><td>Motor<\/td><td>Hobbywing Xerun 4268 SD 3G 1900 kv Off-Road<\/td><\/tr><tr><td>Motorritzel<\/td><td>16er<\/td><\/tr><tr><td>Reifen<\/td><td>Schumacher Mini Pin<\/td><\/tr><tr><td>Akku<\/td><td>Gens Ace Redline Series 6000mAH 130C<\/td><\/tr><\/tbody><\/table><\/figure>\n\n\n\n<figure class=\"wp-block-image size-large\"><img loading=\"lazy\" decoding=\"async\" width=\"1024\" height=\"768\" src=\"https:\/\/rc-offroad-nordheide.de\/wp-content\/uploads\/2025\/03\/Inferno-MP10e-TKI2-000-1024x768.jpg\" alt=\"\" class=\"wp-image-98\" srcset=\"https:\/\/rc-offroad-nordheide.de\/wp-content\/uploads\/2025\/03\/Inferno-MP10e-TKI2-000-1024x768.jpg 1024w, https:\/\/rc-offroad-nordheide.de\/wp-content\/uploads\/2025\/03\/Inferno-MP10e-TKI2-000-300x225.jpg 300w, https:\/\/rc-offroad-nordheide.de\/wp-content\/uploads\/2025\/03\/Inferno-MP10e-TKI2-000-768x576.jpg 768w, https:\/\/rc-offroad-nordheide.de\/wp-content\/uploads\/2025\/03\/Inferno-MP10e-TKI2-000-1536x1152.jpg 1536w, https:\/\/rc-offroad-nordheide.de\/wp-content\/uploads\/2025\/03\/Inferno-MP10e-TKI2-000.jpg 1600w\" sizes=\"(max-width: 1024px) 100vw, 1024px\" \/><\/figure>\n\n\n\n<div class=\"wp-block-columns is-layout-flex wp-container-core-columns-is-layout-3 wp-block-columns-is-layout-flex\">\n<div class=\"wp-block-column is-layout-flow wp-block-column-is-layout-flow\" style=\"flex-basis:100%\">\n<div class=\"wp-block-group has-global-padding is-layout-constrained wp-block-group-is-layout-constrained\">\n<div class=\"wp-block-columns is-layout-flex wp-container-core-columns-is-layout-2 wp-block-columns-is-layout-flex\">\n<div class=\"wp-block-column is-layout-flow wp-block-column-is-layout-flow\" style=\"flex-basis:100%\">\n<div class=\"wp-block-columns is-layout-flex wp-container-core-columns-is-layout-1 wp-block-columns-is-layout-flex\">\n<div class=\"wp-block-column is-layout-flow wp-block-column-is-layout-flow\">\n<figure class=\"wp-block-image size-large\"><img loading=\"lazy\" decoding=\"async\" width=\"1024\" height=\"768\" src=\"https:\/\/rc-offroad-nordheide.de\/wp-content\/uploads\/2025\/03\/Inferno-MP10e-TKI2-002-1024x768.jpg\" alt=\"\" class=\"wp-image-95\" srcset=\"https:\/\/rc-offroad-nordheide.de\/wp-content\/uploads\/2025\/03\/Inferno-MP10e-TKI2-002-1024x768.jpg 1024w, https:\/\/rc-offroad-nordheide.de\/wp-content\/uploads\/2025\/03\/Inferno-MP10e-TKI2-002-300x225.jpg 300w, https:\/\/rc-offroad-nordheide.de\/wp-content\/uploads\/2025\/03\/Inferno-MP10e-TKI2-002-768x576.jpg 768w, https:\/\/rc-offroad-nordheide.de\/wp-content\/uploads\/2025\/03\/Inferno-MP10e-TKI2-002-1536x1152.jpg 1536w, https:\/\/rc-offroad-nordheide.de\/wp-content\/uploads\/2025\/03\/Inferno-MP10e-TKI2-002.jpg 1600w\" sizes=\"(max-width: 1024px) 100vw, 1024px\" \/><\/figure>\n<\/div>\n\n\n\n<div class=\"wp-block-column is-layout-flow wp-block-column-is-layout-flow\">\n<figure class=\"wp-block-image size-large\"><img loading=\"lazy\" decoding=\"async\" width=\"1024\" height=\"768\" src=\"https:\/\/rc-offroad-nordheide.de\/wp-content\/uploads\/2025\/03\/Inferno-MP10e-TKI2-001-1024x768.jpg\" alt=\"\" class=\"wp-image-96\" srcset=\"https:\/\/rc-offroad-nordheide.de\/wp-content\/uploads\/2025\/03\/Inferno-MP10e-TKI2-001-1024x768.jpg 1024w, https:\/\/rc-offroad-nordheide.de\/wp-content\/uploads\/2025\/03\/Inferno-MP10e-TKI2-001-300x225.jpg 300w, https:\/\/rc-offroad-nordheide.de\/wp-content\/uploads\/2025\/03\/Inferno-MP10e-TKI2-001-768x576.jpg 768w, https:\/\/rc-offroad-nordheide.de\/wp-content\/uploads\/2025\/03\/Inferno-MP10e-TKI2-001-1536x1152.jpg 1536w, https:\/\/rc-offroad-nordheide.de\/wp-content\/uploads\/2025\/03\/Inferno-MP10e-TKI2-001.jpg 1600w\" sizes=\"(max-width: 1024px) 100vw, 1024px\" \/><\/figure>\n<\/div>\n<\/div>\n\n\n\n<figure class=\"wp-block-image size-large\"><img loading=\"lazy\" decoding=\"async\" width=\"1600\" height=\"1200\" src=\"https:\/\/rc-offroad-nordheide.de\/wp-content\/uploads\/2025\/03\/Inferno-MP10e-TKI2-003-edited.jpg\" alt=\"\" class=\"wp-image-100\" srcset=\"https:\/\/rc-offroad-nordheide.de\/wp-content\/uploads\/2025\/03\/Inferno-MP10e-TKI2-003-edited.jpg 1600w, https:\/\/rc-offroad-nordheide.de\/wp-content\/uploads\/2025\/03\/Inferno-MP10e-TKI2-003-edited-300x225.jpg 300w, https:\/\/rc-offroad-nordheide.de\/wp-content\/uploads\/2025\/03\/Inferno-MP10e-TKI2-003-edited-1024x768.jpg 1024w, https:\/\/rc-offroad-nordheide.de\/wp-content\/uploads\/2025\/03\/Inferno-MP10e-TKI2-003-edited-768x576.jpg 768w, https:\/\/rc-offroad-nordheide.de\/wp-content\/uploads\/2025\/03\/Inferno-MP10e-TKI2-003-edited-1536x1152.jpg 1536w\" sizes=\"(max-width: 1600px) 100vw, 1600px\" \/><\/figure>\n<\/div>\n<\/div>\n<\/div>\n<\/div>\n<\/div>\n\n\n\n<p><strong>Michael:<\/strong><br>&#8220;Ich bin jetzt in der zweiten Saison auf der E-Schiene und im Verein. Vorher bin ich Verbrenner Buggy 1\/8 gefahren, allerdings nur f\u00fcr mich allein und auf dem Feld oder wo sich sonst die Gelegenheit geboten hat.<br>Das Fahren auf einer festen Strecke war f\u00fcr mich eine v\u00f6llig neue Erfahrung. Im freien Gel\u00e4nde ist es egal, ob man einen Meter weiter links oder rechts f\u00e4hrt, aber auf der Strecke musst du schon sehr pr\u00e4zise fahren und durch die Hindernisse kannst du nicht einfach nur Gas geben. Bremsen, Lenken und die richtige Linie finden sind genauso wichtig wie das passende Setup.<br>Ich habe mich aus zwei Gr\u00fcnden f\u00fcr den Kyosho entschieden:<br>1. Weil ich schon immer Kyosho gefahren bin und mit der Art und Weise, wie Kyosho seine Autos baut, vertraut bin.<br>2. Weil Kyosho sich daf\u00fcr entschieden hat, zwei Akkus (2S) zu verwenden und diese im Fahrzeug auf der linken und rechten Seite zu platzieren. Das hat in meinen Augen folgenden Vorteil: Der Schwerpunkt wird niedrig gehalten und die Gewichtsverteilung ist gleichm\u00e4\u00dfiger.<br>Der 2. Punkt ist nat\u00fcrlich eine rein subjektive Meinung, auf der Strecke konnte ich bisher noch keinen Vorteil gegen\u00fcber meinen Mitstreitern feststellen.<br>Der TKI 2 ist ein Bausatz und derzeit (2025) die aktuellste Ausbaustufe von Kyosho. Angefangen habe ich mit dem originalen Bausatz und dem Standard Setup. Bei den Reifen habe ich mich von meinen Vereinskammeraden beraten lassen, die mich \u00fcbrigens sehr nett und sofort in ihre Reihen aufgenommen haben.<br>Als gelernter Kfz-Mechaniker bin ich mit den Begrifflichkeiten und den Auswirkungen, was das Fahrgestell angeht, vertraut. So hat es nat\u00fcrlich nicht lange gedauert, bis ich das \u201eSchrauben\u201c angefangen habe. Die Schwerpunkte lagen\/liegen hier auf der Abstimmung der Sto\u00dfd\u00e4mpfer und der Differenziale. Die wesentlichen Komponenten sind dabei die Silikon\u00f6le, die daf\u00fcr verwendet werden.<br>Dickere \u00d6le bedeuten h\u00e4rtere D\u00e4mpfer und mehr Sperrung der Differenziale. Bei den D\u00e4mpfern kommen nat\u00fcrlich auch noch die Federn ins Spiel, die dann ebenfalls f\u00fcr die Stra\u00dfenlage verantwortlich sind. Bei den Diff\u2018s. (3 St\u00fcck bei Allrad) wollen wir das Zusammenspiel zwischen Vortrieb und Kurvenverhalten optimieren. Man muss hier aber ganz klar sagen, dass es sich hierbei um Erfahrungswerte handelt, die jeder Fahrer selber machen muss, da sich auch die Fahrstile jedes Einzelnen unterscheiden.<br>Nat\u00fcrlich sind im Laufe der Zeit auch Tuningteile verbaut worden, das aber nur kurz angerissen: Carbon Teile, Zahnr\u00e4der f\u00fcr die \u00dcbersetzung, Federn f\u00fcr die D\u00e4mpfer, Stabbis, mehrere S\u00e4tze Reifen und Kugellager.<br>Von den anderen Einstellm\u00f6glichkeiten (Spur, Sturz, Vorlauf und Akkermann usw.) m\u00f6chte ich an dieser Stelle nicht sprechen. Hier empfiehlt es sich, sich am Anfang an die Bauanleitung zu halten.<br>F\u00fcr den Anf\u00e4nger empfehle ich noch gewisse Teile in Reserve zu haben, dann kann man kleinere Reparaturen gleich an der Strecke vornehme und zum anderen k\u00f6nnen die Lieferzeiten f\u00fcr Teile schon mal 14 Tage dauern. Dann ist man schnell au\u00dfer Gefecht gesetzt.<br>Dazu geh\u00f6ren Querlenker unten v &amp; h, Achsschenkel v, Querlenker oben v, D\u00e4mpferkolben v, Antriebswellen v, Schrauben u. Muttern idealer Weise einen kompletten 2. Satz&nbsp; (Sicherungsmittel ist dein Freund). Das sind so die wesentlichen Teile, die bei mir am Anfang schnell kaputt waren. Man darf dabei nicht untersch\u00e4tzen, dass die Modelle fast 4 kg wiegen und mit einer ordentlichen Geschwindigkeit fahren und wenn die dann mal irgendwo ungewollt ein- oder aufschlagen, ist das nicht zu verachten. Alles in allem ist es kein billiges Hobby, besonders, wenn man bei null anf\u00e4ngt. Aber ich habe eine super Truppe kennengelernt, mit der ich mich austauschen kann, auch bei schlechtem Wetter oder im Winter gibt es immer was zu schrauben und verbessern. Auch die Strecke bedarf einer gewissen Pflege, die dann gemeinsam in Angriff genommen wird. F\u00fcr mich genau das Richtige, was mich das ganze Jahr besch\u00e4ftigt ohne das ein \u201eMuss\u201c dahintersteht.&#8221;<\/p>\n","protected":false},"excerpt":{"rendered":"<p>Setup-Tipps, Erfahrungen und Empfehlungen f\u00fcr Ersatzteile zum Kyosho Inferno MP10e TKI2. Ma\u00dfstab 1:8 Antriebsart 4WD Hersteller-Webseite https:\/\/www.kyoshoeurope.com\/product\/A0476C4E0BE44B729F85986E53765EAD\/ Beispiel-Konfiguration (Michael) Fernsteuerung &amp; Empf\u00e4nger Futaba T4PM Plus mit Empf\u00e4nger Servo Power HD T50 Fahrtenregler Hobbywing Xerun XR8 Pro G3 200A Motor Hobbywing Xerun 4268 SD 3G 1900 kv Off-Road Motorritzel 16er Reifen Schumacher Mini Pin Akku Gens [&hellip;]<\/p>\n","protected":false},"author":1,"featured_media":0,"parent":42,"menu_order":0,"comment_status":"closed","ping_status":"closed","template":"","meta":{"footnotes":""},"class_list":["post-89","page","type-page","status-publish","hentry"],"yoast_head":"<!-- This site is optimized with the Yoast SEO plugin v24.7 - https:\/\/yoast.com\/wordpress\/plugins\/seo\/ -->\r\n<title>Kyosho Inferno MP 10e TKI2 - RC Offroad Nordheide<\/title>\r\n<meta name=\"description\" content=\"Erfahre mehr \u00fcber den Kyosho TKI 2 im RC Offroad Racing! Setup-Tipps, Erfahrungen und Empfehlungen f\u00fcr Ersatzteile \u2013 f\u00fcr Einsteiger.\" \/>\r\n<meta name=\"robots\" content=\"index, follow, max-snippet:-1, max-image-preview:large, max-video-preview:-1\" \/>\r\n<link rel=\"canonical\" href=\"https:\/\/rc-offroad-nordheide.de\/index.php\/fahrzeuge\/kyosho-inferno-mp-10e-tki2\/\" \/>\r\n<meta property=\"og:locale\" content=\"en_US\" \/>\r\n<meta property=\"og:type\" content=\"article\" \/>\r\n<meta property=\"og:title\" content=\"Kyosho Inferno MP 10e TKI2 - RC Offroad Nordheide\" \/>\r\n<meta property=\"og:description\" content=\"Erfahre mehr \u00fcber den Kyosho TKI 2 im RC Offroad Racing! Setup-Tipps, Erfahrungen und Empfehlungen f\u00fcr Ersatzteile \u2013 f\u00fcr Einsteiger.\" \/>\r\n<meta property=\"og:url\" content=\"https:\/\/rc-offroad-nordheide.de\/index.php\/fahrzeuge\/kyosho-inferno-mp-10e-tki2\/\" \/>\r\n<meta property=\"og:site_name\" content=\"RC Offroad Nordheide\" \/>\r\n<meta property=\"article:publisher\" content=\"https:\/\/www.facebook.com\/groups\/558192685001530\/\" \/>\r\n<meta property=\"article:modified_time\" content=\"2025-03-30T18:03:54+00:00\" \/>\r\n<meta property=\"og:image\" content=\"https:\/\/rc-offroad-nordheide.de\/wp-content\/uploads\/2025\/03\/Inferno-MP10e-TKI2-000-1024x768.jpg\" \/>\r\n<meta name=\"twitter:card\" content=\"summary_large_image\" \/>\r\n<meta name=\"twitter:label1\" content=\"Est. reading time\" \/>\n\t<meta name=\"twitter:data1\" content=\"4 minutes\" \/>\r\n<script type=\"application\/ld+json\" class=\"yoast-schema-graph\">{\"@context\":\"https:\/\/schema.org\",\"@graph\":[{\"@type\":\"WebPage\",\"@id\":\"https:\/\/rc-offroad-nordheide.de\/index.php\/fahrzeuge\/kyosho-inferno-mp-10e-tki2\/\",\"url\":\"https:\/\/rc-offroad-nordheide.de\/index.php\/fahrzeuge\/kyosho-inferno-mp-10e-tki2\/\",\"name\":\"Kyosho Inferno MP 10e TKI2 - RC Offroad Nordheide\",\"isPartOf\":{\"@id\":\"https:\/\/rc-offroad-nordheide.de\/#website\"},\"primaryImageOfPage\":{\"@id\":\"https:\/\/rc-offroad-nordheide.de\/index.php\/fahrzeuge\/kyosho-inferno-mp-10e-tki2\/#primaryimage\"},\"image\":{\"@id\":\"https:\/\/rc-offroad-nordheide.de\/index.php\/fahrzeuge\/kyosho-inferno-mp-10e-tki2\/#primaryimage\"},\"thumbnailUrl\":\"https:\/\/rc-offroad-nordheide.de\/wp-content\/uploads\/2025\/03\/Inferno-MP10e-TKI2-000-1024x768.jpg\",\"datePublished\":\"2025-03-26T19:13:26+00:00\",\"dateModified\":\"2025-03-30T18:03:54+00:00\",\"description\":\"Erfahre mehr \u00fcber den Kyosho TKI 2 im RC Offroad Racing! Setup-Tipps, Erfahrungen und Empfehlungen f\u00fcr Ersatzteile \u2013 f\u00fcr Einsteiger.\",\"breadcrumb\":{\"@id\":\"https:\/\/rc-offroad-nordheide.de\/index.php\/fahrzeuge\/kyosho-inferno-mp-10e-tki2\/#breadcrumb\"},\"inLanguage\":\"en-US\",\"potentialAction\":[{\"@type\":\"ReadAction\",\"target\":[\"https:\/\/rc-offroad-nordheide.de\/index.php\/fahrzeuge\/kyosho-inferno-mp-10e-tki2\/\"]}]},{\"@type\":\"ImageObject\",\"inLanguage\":\"en-US\",\"@id\":\"https:\/\/rc-offroad-nordheide.de\/index.php\/fahrzeuge\/kyosho-inferno-mp-10e-tki2\/#primaryimage\",\"url\":\"https:\/\/rc-offroad-nordheide.de\/wp-content\/uploads\/2025\/03\/Inferno-MP10e-TKI2-000.jpg\",\"contentUrl\":\"https:\/\/rc-offroad-nordheide.de\/wp-content\/uploads\/2025\/03\/Inferno-MP10e-TKI2-000.jpg\",\"width\":1600,\"height\":1200},{\"@type\":\"BreadcrumbList\",\"@id\":\"https:\/\/rc-offroad-nordheide.de\/index.php\/fahrzeuge\/kyosho-inferno-mp-10e-tki2\/#breadcrumb\",\"itemListElement\":[{\"@type\":\"ListItem\",\"position\":1,\"name\":\"Home\",\"item\":\"https:\/\/rc-offroad-nordheide.de\/\"},{\"@type\":\"ListItem\",\"position\":2,\"name\":\"Fahrzeuge\",\"item\":\"https:\/\/rc-offroad-nordheide.de\/index.php\/fahrzeuge\/\"},{\"@type\":\"ListItem\",\"position\":3,\"name\":\"Kyosho Inferno MP 10e TKI2\"}]},{\"@type\":\"WebSite\",\"@id\":\"https:\/\/rc-offroad-nordheide.de\/#website\",\"url\":\"https:\/\/rc-offroad-nordheide.de\/\",\"name\":\"RC Offroad Nordheide\",\"description\":\"Fahrspa\u00df f\u00fcr 1:8 und 1:10 Offroad-Buggies\",\"publisher\":{\"@id\":\"https:\/\/rc-offroad-nordheide.de\/#organization\"},\"potentialAction\":[{\"@type\":\"SearchAction\",\"target\":{\"@type\":\"EntryPoint\",\"urlTemplate\":\"https:\/\/rc-offroad-nordheide.de\/?s={search_term_string}\"},\"query-input\":{\"@type\":\"PropertyValueSpecification\",\"valueRequired\":true,\"valueName\":\"search_term_string\"}}],\"inLanguage\":\"en-US\"},{\"@type\":\"Organization\",\"@id\":\"https:\/\/rc-offroad-nordheide.de\/#organization\",\"name\":\"RC Offroad Nordheide\",\"url\":\"https:\/\/rc-offroad-nordheide.de\/\",\"logo\":{\"@type\":\"ImageObject\",\"inLanguage\":\"en-US\",\"@id\":\"https:\/\/rc-offroad-nordheide.de\/#\/schema\/logo\/image\/\",\"url\":\"https:\/\/rc-offroad-nordheide.de\/wp-content\/uploads\/2024\/10\/Logo_frei.png\",\"contentUrl\":\"https:\/\/rc-offroad-nordheide.de\/wp-content\/uploads\/2024\/10\/Logo_frei.png\",\"width\":1058,\"height\":503,\"caption\":\"RC Offroad Nordheide\"},\"image\":{\"@id\":\"https:\/\/rc-offroad-nordheide.de\/#\/schema\/logo\/image\/\"},\"sameAs\":[\"https:\/\/www.facebook.com\/groups\/558192685001530\/\",\"https:\/\/chat.whatsapp.com\/JzU7EAT6xha4eBo6nEtte0\"]}]}<\/script>\r\n<!-- \/ Yoast SEO plugin. -->","yoast_head_json":{"title":"Kyosho Inferno MP 10e TKI2 - RC Offroad Nordheide","description":"Erfahre mehr \u00fcber den Kyosho TKI 2 im RC Offroad Racing! Setup-Tipps, Erfahrungen und Empfehlungen f\u00fcr Ersatzteile \u2013 f\u00fcr Einsteiger.","robots":{"index":"index","follow":"follow","max-snippet":"max-snippet:-1","max-image-preview":"max-image-preview:large","max-video-preview":"max-video-preview:-1"},"canonical":"https:\/\/rc-offroad-nordheide.de\/index.php\/fahrzeuge\/kyosho-inferno-mp-10e-tki2\/","og_locale":"en_US","og_type":"article","og_title":"Kyosho Inferno MP 10e TKI2 - RC Offroad Nordheide","og_description":"Erfahre mehr \u00fcber den Kyosho TKI 2 im RC Offroad Racing! Setup-Tipps, Erfahrungen und Empfehlungen f\u00fcr Ersatzteile \u2013 f\u00fcr Einsteiger.","og_url":"https:\/\/rc-offroad-nordheide.de\/index.php\/fahrzeuge\/kyosho-inferno-mp-10e-tki2\/","og_site_name":"RC Offroad Nordheide","article_publisher":"https:\/\/www.facebook.com\/groups\/558192685001530\/","article_modified_time":"2025-03-30T18:03:54+00:00","og_image":[{"url":"https:\/\/rc-offroad-nordheide.de\/wp-content\/uploads\/2025\/03\/Inferno-MP10e-TKI2-000-1024x768.jpg","type":"","width":"","height":""}],"twitter_card":"summary_large_image","twitter_misc":{"Est. reading time":"4 minutes"},"schema":{"@context":"https:\/\/schema.org","@graph":[{"@type":"WebPage","@id":"https:\/\/rc-offroad-nordheide.de\/index.php\/fahrzeuge\/kyosho-inferno-mp-10e-tki2\/","url":"https:\/\/rc-offroad-nordheide.de\/index.php\/fahrzeuge\/kyosho-inferno-mp-10e-tki2\/","name":"Kyosho Inferno MP 10e TKI2 - RC Offroad Nordheide","isPartOf":{"@id":"https:\/\/rc-offroad-nordheide.de\/#website"},"primaryImageOfPage":{"@id":"https:\/\/rc-offroad-nordheide.de\/index.php\/fahrzeuge\/kyosho-inferno-mp-10e-tki2\/#primaryimage"},"image":{"@id":"https:\/\/rc-offroad-nordheide.de\/index.php\/fahrzeuge\/kyosho-inferno-mp-10e-tki2\/#primaryimage"},"thumbnailUrl":"https:\/\/rc-offroad-nordheide.de\/wp-content\/uploads\/2025\/03\/Inferno-MP10e-TKI2-000-1024x768.jpg","datePublished":"2025-03-26T19:13:26+00:00","dateModified":"2025-03-30T18:03:54+00:00","description":"Erfahre mehr \u00fcber den Kyosho TKI 2 im RC Offroad Racing! Setup-Tipps, Erfahrungen und Empfehlungen f\u00fcr Ersatzteile \u2013 f\u00fcr Einsteiger.","breadcrumb":{"@id":"https:\/\/rc-offroad-nordheide.de\/index.php\/fahrzeuge\/kyosho-inferno-mp-10e-tki2\/#breadcrumb"},"inLanguage":"en-US","potentialAction":[{"@type":"ReadAction","target":["https:\/\/rc-offroad-nordheide.de\/index.php\/fahrzeuge\/kyosho-inferno-mp-10e-tki2\/"]}]},{"@type":"ImageObject","inLanguage":"en-US","@id":"https:\/\/rc-offroad-nordheide.de\/index.php\/fahrzeuge\/kyosho-inferno-mp-10e-tki2\/#primaryimage","url":"https:\/\/rc-offroad-nordheide.de\/wp-content\/uploads\/2025\/03\/Inferno-MP10e-TKI2-000.jpg","contentUrl":"https:\/\/rc-offroad-nordheide.de\/wp-content\/uploads\/2025\/03\/Inferno-MP10e-TKI2-000.jpg","width":1600,"height":1200},{"@type":"BreadcrumbList","@id":"https:\/\/rc-offroad-nordheide.de\/index.php\/fahrzeuge\/kyosho-inferno-mp-10e-tki2\/#breadcrumb","itemListElement":[{"@type":"ListItem","position":1,"name":"Home","item":"https:\/\/rc-offroad-nordheide.de\/"},{"@type":"ListItem","position":2,"name":"Fahrzeuge","item":"https:\/\/rc-offroad-nordheide.de\/index.php\/fahrzeuge\/"},{"@type":"ListItem","position":3,"name":"Kyosho Inferno MP 10e TKI2"}]},{"@type":"WebSite","@id":"https:\/\/rc-offroad-nordheide.de\/#website","url":"https:\/\/rc-offroad-nordheide.de\/","name":"RC Offroad Nordheide","description":"Fahrspa\u00df f\u00fcr 1:8 und 1:10 Offroad-Buggies","publisher":{"@id":"https:\/\/rc-offroad-nordheide.de\/#organization"},"potentialAction":[{"@type":"SearchAction","target":{"@type":"EntryPoint","urlTemplate":"https:\/\/rc-offroad-nordheide.de\/?s={search_term_string}"},"query-input":{"@type":"PropertyValueSpecification","valueRequired":true,"valueName":"search_term_string"}}],"inLanguage":"en-US"},{"@type":"Organization","@id":"https:\/\/rc-offroad-nordheide.de\/#organization","name":"RC Offroad Nordheide","url":"https:\/\/rc-offroad-nordheide.de\/","logo":{"@type":"ImageObject","inLanguage":"en-US","@id":"https:\/\/rc-offroad-nordheide.de\/#\/schema\/logo\/image\/","url":"https:\/\/rc-offroad-nordheide.de\/wp-content\/uploads\/2024\/10\/Logo_frei.png","contentUrl":"https:\/\/rc-offroad-nordheide.de\/wp-content\/uploads\/2024\/10\/Logo_frei.png","width":1058,"height":503,"caption":"RC Offroad Nordheide"},"image":{"@id":"https:\/\/rc-offroad-nordheide.de\/#\/schema\/logo\/image\/"},"sameAs":["https:\/\/www.facebook.com\/groups\/558192685001530\/","https:\/\/chat.whatsapp.com\/JzU7EAT6xha4eBo6nEtte0"]}]}},"_links":{"self":[{"href":"https:\/\/rc-offroad-nordheide.de\/index.php\/wp-json\/wp\/v2\/pages\/89"}],"collection":[{"href":"https:\/\/rc-offroad-nordheide.de\/index.php\/wp-json\/wp\/v2\/pages"}],"about":[{"href":"https:\/\/rc-offroad-nordheide.de\/index.php\/wp-json\/wp\/v2\/types\/page"}],"author":[{"embeddable":true,"href":"https:\/\/rc-offroad-nordheide.de\/index.php\/wp-json\/wp\/v2\/users\/1"}],"replies":[{"embeddable":true,"href":"https:\/\/rc-offroad-nordheide.de\/index.php\/wp-json\/wp\/v2\/comments?post=89"}],"version-history":[{"count":3,"href":"https:\/\/rc-offroad-nordheide.de\/index.php\/wp-json\/wp\/v2\/pages\/89\/revisions"}],"predecessor-version":[{"id":104,"href":"https:\/\/rc-offroad-nordheide.de\/index.php\/wp-json\/wp\/v2\/pages\/89\/revisions\/104"}],"up":[{"embeddable":true,"href":"https:\/\/rc-offroad-nordheide.de\/index.php\/wp-json\/wp\/v2\/pages\/42"}],"wp:attachment":[{"href":"https:\/\/rc-offroad-nordheide.de\/index.php\/wp-json\/wp\/v2\/media?parent=89"}],"curies":[{"name":"wp","href":"https:\/\/api.w.org\/{rel}","templated":true}]}}